{"id":3,"date":"2022-08-24T11:38:33","date_gmt":"2022-08-24T11:38:33","guid":{"rendered":"http:\/\/learningwithnolimits.eu\/?page_id=3"},"modified":"2022-10-06T13:09:35","modified_gmt":"2022-10-06T12:09:35","slug":"privacy-policy","status":"publish","type":"page","link":"https:\/\/learningwithnolimits.eu\/de\/privacy-policy\/","title":{"rendered":"Privacy Policy"},"content":{"rendered":"<p>[et_pb_section fb_built=&#8221;1&#8243; admin_label=&#8221;Header&#8221; _builder_version=&#8221;4.16&#8243; use_background_color_gradient=&#8221;on&#8221; background_color_gradient_direction=&#8221;90deg&#8221; background_color_gradient_stops=&#8221;#e0d8c8 90%|#5d574e 90%&#8221; background_color_gradient_start=&#8221;#e0d8c8&#8243; background_color_gradient_start_position=&#8221;90%&#8221; background_color_gradient_end=&#8221;#5d574e&#8221; background_color_gradient_end_position=&#8221;90%&#8221; global_colors_info=&#8221;{}&#8221;][et_pb_row _builder_version=&#8221;4.16&#8243; global_colors_info=&#8221;{}&#8221;][et_pb_column type=&#8221;4_4&#8243; _builder_version=&#8221;4.16&#8243; global_colors_info=&#8221;{}&#8221;][et_pb_text _builder_version=&#8221;4.18.0&#8243; header_font=&#8221;Georgia|600|||||||&#8221; header_font_size=&#8221;80px&#8221; header_line_height=&#8221;0.9em&#8221; header_2_font=&#8221;Abril Fatface||||||||&#8221; header_2_font_size=&#8221;56px&#8221; header_2_line_height=&#8221;1.1em&#8221; hover_enabled=&#8221;0&#8243; header_font_size_tablet=&#8221;54px&#8221; header_font_size_phone=&#8221;80px&#8221; header_font_size_last_edited=&#8221;on|phone&#8221; header_2_font_size_tablet=&#8221;36px&#8221; header_2_font_size_phone=&#8221;24px&#8221; header_2_font_size_last_edited=&#8221;on|phone&#8221; locked=&#8221;off&#8221; global_colors_info=&#8221;{}&#8221; sticky_enabled=&#8221;0&#8243;]<\/p>\n<h1>Privacy Policy<\/h1>\n<p>[\/et_pb_text][\/et_pb_column][\/et_pb_row][\/et_pb_section][et_pb_section fb_built=&#8221;1&#8243; admin_label=&#8221;About&#8221; _builder_version=&#8221;4.16&#8243; global_colors_info=&#8221;{}&#8221;][et_pb_row _builder_version=&#8221;4.16&#8243; global_colors_info=&#8221;{}&#8221;][et_pb_column type=&#8221;4_4&#8243; _builder_version=&#8221;4.16&#8243; global_colors_info=&#8221;{}&#8221;][et_pb_text _builder_version=&#8221;4.18.0&#8243; text_font=&#8221;||||||||&#8221; text_font_size=&#8221;12px&#8221; text_line_height=&#8221;2em&#8221; header_font=&#8221;||||||||&#8221; header_2_font=&#8221;Abril Fatface||||||||&#8221; header_2_font_size=&#8221;56px&#8221; header_2_line_height=&#8221;1.1em&#8221; text_line_height_tablet=&#8221;&#8221; text_line_height_phone=&#8221;1.6em&#8221; text_line_height_last_edited=&#8221;on|phone&#8221; header_2_font_size_tablet=&#8221;36px&#8221; header_2_font_size_phone=&#8221;24px&#8221; header_2_font_size_last_edited=&#8221;on|phone&#8221; locked=&#8221;off&#8221; global_colors_info=&#8221;{}&#8221;]<\/p>\n<p style=\"font-weight: 400;\">Der Schutz Ihrer pers\u00f6nlichen Daten ist uns ein besonderes Anliegen. Wir verarbeiten Ihre Daten daher ausschlie\u00dflich auf Grundlage der geltenden gesetzlichen Bestimmungen (EU-Datenschutz-Grundverordnung DSGVO, TKG 2003). In diesen Datenschutzinformationen informieren wir Sie \u00fcber die wichtigsten Aspekte der Datenverarbeitung im Rahmen unserer T\u00e4tigkeiten.<\/p>\n<p style=\"font-weight: 400;\"><span>\u00a0<\/span>Die Nutzung unserer Webseite ist in der Regel ohne die Angabe personenbezogener Daten m\u00f6glich. Sollten Sie, z.B. zum Zwecke der Kontaktaufnahme oder zum Abonnement eines Newsletters pers\u00f6nliche Daten eingeben, geben wir die notwendigen Informationen an Firmen weiter, die in unserem Auftrag Daten verarbeiten (z.B. den Newsletter versenden). Wir beauftragen ausschlie\u00dflich Firmen, die sich der Datenschutz-Grundverordnung unterwerfen.<\/p>\n<p style=\"font-weight: 400;\"><strong>Verschl\u00fcsselte \u00dcbertragung<\/strong><\/p>\n<p style=\"font-weight: 400;\">Diese Webseite nutzt aus Gr\u00fcnden der Sicherheit und des Datenschutzes eine SSL Verschl\u00fcsselung, die verhindert, dass Dritte die von Ihnen eingegebenen Daten auf dem \u00dcbertragungsweg abfangen und lesen k\u00f6nnen. Sie erkennen die aktive Verschl\u00fcsselung an dem Vorh\u00e4ngeschloss oder \u00e4hnlichen Symbolen in der Adresszeile Ihres Browsers.<\/p>\n<p style=\"font-weight: 400;\"><strong>Kontakt mit uns<\/strong><\/p>\n<p style=\"font-weight: 400;\">Wenn Sie per Formular auf der Website, per E-Mail oder auf anderem Wege Kontakt mit uns aufnehmen, werden die von Ihnen bekannt gegebenen Daten (Name, E-Mail-Adresse und optional die Telefonnummer) zwecks Bearbeitung der Anfrage und f\u00fcr den Fall von Anschlussfragen f\u00fcr ein Jahr bei uns gespeichert. Sollte sich aus der Anfrage ein Vertrag ergeben, gelten die gesetzlichen Aufbewahrungsfristen. Diese Daten geben wir nicht ohne Ihre Einwilligung weiter. Die Datenverarbeitung erfolgt auf Basis des Art 6 Abs 1 lit b (Vertragserf\u00fcllung) und Art 6 Abs 1 lit a (Einwilligung) der DSGVO.<\/p>\n<p style=\"font-weight: 400;\"><strong>Server Protokolle<\/strong><\/p>\n<p style=\"font-weight: 400;\">Der Server, von dem diese Webseite bereitgestellt wird, speichert Informationen, die von Ihrem Browser automatisch an uns \u00fcbermittelt werden, in sogenannten Log-Files. Dies sind:<\/p>\n<ul>\n<li>Browsertyp und Browserversion<\/li>\n<li>Verwendetes Betriebssystem<\/li>\n<li>Die Seite (URL), von der Sie zu uns gekommen sind<\/li>\n<li>Die IP-Adresse des zugreifenden Computers<\/li>\n<li>Uhrzeit der Anfrage<\/li>\n<\/ul>\n<p style=\"font-weight: 400;\">Diese Daten dienen ausschlie\u00dflich der technischen \u00dcberwachung des Webservers (Auslastung, Optimierung, Fehlererkennung, Sicherheit) und sind dazu unbedingt notwendig. Sie werden nicht mit anderen Datenquellen verbunden, so dass sie sich nicht einzelnen Personen zuordnen lassen. Sie werden nach drei Monaten gel\u00f6scht<\/p>\n<p style=\"font-weight: 400;\">Die Datenverarbeitung erfolgt auf Basis des Art 6 Abs 1 lit f (berechtigte Interessen) der DSGVO. Das berechtigte Interesse im Sinne der DSGVO ist hierbei die ordnungsgem\u00e4\u00dfe und sichere Funktion der Webseite.<\/p>\n<p style=\"font-weight: 400;\"><strong>Cookies<\/strong><\/p>\n<p style=\"font-weight: 400;\">Diese Webseite verwendet keine Cookies.\u00a0<\/p>\n<p style=\"font-weight: 400;\">\n<p style=\"font-weight: 400;\"><strong>Datenspeicherung<\/strong><\/p>\n<p style=\"font-weight: 400;\">Zum Zweck der Buchhaltung werden folgende Daten unserer Kunden bei uns gespeichert: Name, Adresse, Telefonnummer, E-Mail-Adresse, USt. ID. Sofern Sie einem Einzugsauftrag (SEPA Lastschriftmandat) zugestimmt haben, auch Ihre Bankverbindung. Eine Weitergabe dieser Daten erfolgt nicht, mit Ausnahme der \u00dcbermittlung an die abwickelnden Bankinstitute\/Zahlungsdienstleister zum Zwecke der Abbuchung, sowie an unseren Steuerberater zwecks Buchhaltung und zur Erf\u00fcllung unserer steuerrechtlichen Verpflichtungen. Die Daten werden ausschlie\u00dflich innerhalb der EU gespeichert.<\/p>\n<p style=\"font-weight: 400;\">Die von Ihnen bereit gestellten Daten sind zur Vertragserf\u00fcllung bzw. zur Durchf\u00fchrung vorvertraglicher Ma\u00dfnahmen erforderlich. Ohne diese Daten k\u00f6nnen wir den Vertrag mit Ihnen nicht abschlie\u00dfen und erf\u00fcllen.<\/p>\n<p style=\"font-weight: 400;\">S\u00e4mtliche Daten aus einem Vertragsverh\u00e4ltnis werden bis zum Ablauf der steuerrechtlichen Aufbewahrungsfrist (7 Jahre) gespeichert.<\/p>\n<p style=\"font-weight: 400;\">Die Speicherung der o.g. Daten erfolgt<\/p>\n<ul>\n<li>Auf verschl\u00fcsselten, durch Passw\u00f6rter und physischen Zugangsschutz gesicherten lokalen Computersystemen oder tragbaren Computern.<\/li>\n<\/ul>\n<p style=\"font-weight: 400;\">Die Daten werden ausschlie\u00dflich auf Servern innerhalb der EU gespeichert.<br \/>Wir haben mit Microsoft einen Auftragsverarbeiter-Vertrag abgeschlossen, in dem sich Microsoft zur Einhaltung der von der EU-Kommission definierten Standard-Vertragsklauseln verpflichtet. Die Datenschutzbestimmungen von Microsoft finden Sie <a href=\"https:\/\/privacy.microsoft.com\/de-de\/privacystatement\">hier<\/a><\/p>\n<p style=\"font-weight: 400;\">Die Datenverarbeitung erfolgt auf Basis des Art 6 Abs 1 lit c (gesetzliche Vorschriften) der DSGVO sowie des Art 6 Abs 1 lit b (notwendig zur Vertragserf\u00fcllung) der DSGVO.<\/p>\n<p style=\"font-weight: 400;\"><strong>Ihre Rechte<\/strong><\/p>\n<p style=\"font-weight: 400;\">Ihnen stehen grunds\u00e4tzlich die Rechte auf Auskunft, Berichtigung, L\u00f6schung, Einschr\u00e4nkung, Daten\u00fcbertragbarkeit, Widerruf und Widerspruch zu. Entsprechende Anfragen k\u00f6nnen an die E-Mail-Adresse hello@learningwithnolimits.eu adressiert werden.<\/p>\n<p style=\"font-weight: 400;\">Wenn Sie glauben, dass die Verarbeitung Ihrer Daten gegen das Datenschutzrecht verst\u00f6\u00dft oder Ihre datenschutzrechtlichen Anspr\u00fcche sonst in einer Weise verletzt worden sind, k\u00f6nnen Sie sich bei der Aufsichtsbeh\u00f6rde beschweren. In \u00d6sterreich ist dies die Datenschutzbeh\u00f6rde.<\/p>\n<p style=\"font-weight: 400;\"><strong>Sie erreichen uns unter folgenden Kontaktdaten<\/strong>:<\/p>\n<p style=\"font-weight: 400;\">Natalie Cantini, hello@learningwithnolimits.eu<\/p>\n<p>[\/et_pb_text][\/et_pb_column][\/et_pb_row][\/et_pb_section]<\/p>\n","protected":false},"excerpt":{"rendered":"<p>Privacy PolicyDer Schutz Ihrer pers\u00f6nlichen Daten ist uns ein besonderes Anliegen. Wir verarbeiten Ihre Daten daher ausschlie\u00dflich auf Grundlage der geltenden gesetzlichen Bestimmungen (EU-Datenschutz-Grundverordnung DSGVO, TKG 2003). In diesen Datenschutzinformationen informieren wir Sie \u00fcber die wichtigsten Aspekte der Datenverarbeitung im Rahmen unserer T\u00e4tigkeiten. \u00a0Die Nutzung unserer Webseite ist in der Regel ohne die Angabe personenbezogener [&hellip;]<\/p>\n","protected":false},"author":1,"featured_media":0,"parent":0,"menu_order":0,"comment_status":"closed","ping_status":"open","template":"","meta":{"_et_pb_use_builder":"on","_et_pb_old_content":"<!-- wp:heading -->\n<h2>Who we are<\/h2>\n<!-- \/wp:heading -->\n\n<!-- wp:paragraph -->\n<p><strong class=\"privacy-policy-tutorial\">Suggested text: <\/strong>Our website address is: http:\/\/learningwithnolimits.eu.<\/p>\n<!-- \/wp:paragraph -->\n\n<!-- wp:heading -->\n<h2>Comments<\/h2>\n<!-- \/wp:heading -->\n\n<!-- wp:paragraph -->\n<p><strong class=\"privacy-policy-tutorial\">Suggested text: <\/strong>When visitors leave comments on the site we collect the data shown in the comments form, and also the visitor\u2019s IP address and browser user agent string to help spam detection.<\/p>\n<!-- \/wp:paragraph -->\n\n<!-- wp:paragraph -->\n<p>An anonymized string created from your email address (also called a hash) may be provided to the Gravatar service to see if you are using it. The Gravatar service privacy policy is available here: https:\/\/automattic.com\/privacy\/. After approval of your comment, your profile picture is visible to the public in the context of your comment.<\/p>\n<!-- \/wp:paragraph -->\n\n<!-- wp:heading -->\n<h2>Media<\/h2>\n<!-- \/wp:heading -->\n\n<!-- wp:paragraph -->\n<p><strong class=\"privacy-policy-tutorial\">Suggested text: <\/strong>If you upload images to the website, you should avoid uploading images with embedded location data (EXIF GPS) included. Visitors to the website can download and extract any location data from images on the website.<\/p>\n<!-- \/wp:paragraph -->\n\n<!-- wp:heading -->\n<h2>Cookies<\/h2>\n<!-- \/wp:heading -->\n\n<!-- wp:paragraph -->\n<p><strong class=\"privacy-policy-tutorial\">Suggested text: <\/strong>If you leave a comment on our site you may opt-in to saving your name, email address and website in cookies. These are for your convenience so that you do not have to fill in your details again when you leave another comment. These cookies will last for one year.<\/p>\n<!-- \/wp:paragraph -->\n\n<!-- wp:paragraph -->\n<p>If you visit our login page, we will set a temporary cookie to determine if your browser accepts cookies. This cookie contains no personal data and is discarded when you close your browser.<\/p>\n<!-- \/wp:paragraph -->\n\n<!-- wp:paragraph -->\n<p>When you log in, we will also set up several cookies to save your login information and your screen display choices. Login cookies last for two days, and screen options cookies last for a year. If you select \"Remember Me\", your login will persist for two weeks. If you log out of your account, the login cookies will be removed.<\/p>\n<!-- \/wp:paragraph -->\n\n<!-- wp:paragraph -->\n<p>If you edit or publish an article, an additional cookie will be saved in your browser. This cookie includes no personal data and simply indicates the post ID of the article you just edited. It expires after 1 day.<\/p>\n<!-- \/wp:paragraph -->\n\n<!-- wp:heading -->\n<h2>Embedded content from other websites<\/h2>\n<!-- \/wp:heading -->\n\n<!-- wp:paragraph -->\n<p><strong class=\"privacy-policy-tutorial\">Suggested text: <\/strong>Articles on this site may include embedded content (e.g. videos, images, articles, etc.). Embedded content from other websites behaves in the exact same way as if the visitor has visited the other website.<\/p>\n<!-- \/wp:paragraph -->\n\n<!-- wp:paragraph -->\n<p>These websites may collect data about you, use cookies, embed additional third-party tracking, and monitor your interaction with that embedded content, including tracking your interaction with the embedded content if you have an account and are logged in to that website.<\/p>\n<!-- \/wp:paragraph -->\n\n<!-- wp:heading -->\n<h2>Who we share your data with<\/h2>\n<!-- \/wp:heading -->\n\n<!-- wp:paragraph -->\n<p><strong class=\"privacy-policy-tutorial\">Suggested text: <\/strong>If you request a password reset, your IP address will be included in the reset email.<\/p>\n<!-- \/wp:paragraph -->\n\n<!-- wp:heading -->\n<h2>How long we retain your data<\/h2>\n<!-- \/wp:heading -->\n\n<!-- wp:paragraph -->\n<p><strong class=\"privacy-policy-tutorial\">Suggested text: <\/strong>If you leave a comment, the comment and its metadata are retained indefinitely. This is so we can recognize and approve any follow-up comments automatically instead of holding them in a moderation queue.<\/p>\n<!-- \/wp:paragraph -->\n\n<!-- wp:paragraph -->\n<p>For users that register on our website (if any), we also store the personal information they provide in their user profile. All users can see, edit, or delete their personal information at any time (except they cannot change their username). Website administrators can also see and edit that information.<\/p>\n<!-- \/wp:paragraph -->\n\n<!-- wp:heading -->\n<h2>What rights you have over your data<\/h2>\n<!-- \/wp:heading -->\n\n<!-- wp:paragraph -->\n<p><strong class=\"privacy-policy-tutorial\">Suggested text: <\/strong>If you have an account on this site, or have left comments, you can request to receive an exported file of the personal data we hold about you, including any data you have provided to us. You can also request that we erase any personal data we hold about you. This does not include any data we are obliged to keep for administrative, legal, or security purposes.<\/p>\n<!-- \/wp:paragraph -->\n\n<!-- wp:heading -->\n<h2>Where your data is sent<\/h2>\n<!-- \/wp:heading -->\n\n<!-- wp:paragraph -->\n<p><strong class=\"privacy-policy-tutorial\">Suggested text: <\/strong>Visitor comments may be checked through an automated spam detection service.<\/p>\n<!-- \/wp:paragraph -->","_et_gb_content_width":"","footnotes":""},"class_list":["post-3","page","type-page","status-publish","hentry"],"_links":{"self":[{"href":"https:\/\/learningwithnolimits.eu\/de\/wp-json\/wp\/v2\/pages\/3","targetHints":{"allow":["GET"]}}],"collection":[{"href":"https:\/\/learningwithnolimits.eu\/de\/wp-json\/wp\/v2\/pages"}],"about":[{"href":"https:\/\/learningwithnolimits.eu\/de\/wp-json\/wp\/v2\/types\/page"}],"author":[{"embeddable":true,"href":"https:\/\/learningwithnolimits.eu\/de\/wp-json\/wp\/v2\/users\/1"}],"replies":[{"embeddable":true,"href":"https:\/\/learningwithnolimits.eu\/de\/wp-json\/wp\/v2\/comments?post=3"}],"version-history":[{"count":0,"href":"https:\/\/learningwithnolimits.eu\/de\/wp-json\/wp\/v2\/pages\/3\/revisions"}],"wp:attachment":[{"href":"https:\/\/learningwithnolimits.eu\/de\/wp-json\/wp\/v2\/media?parent=3"}],"curies":[{"name":"wp","href":"https:\/\/api.w.org\/{rel}","templated":true}]}}